{"id":347,"date":"2018-09-04T13:37:12","date_gmt":"2018-09-04T11:37:12","guid":{"rendered":"https:\/\/www.logicall.cz\/platimvcas\/?page_id=347"},"modified":"2018-09-04T13:38:24","modified_gmt":"2018-09-04T11:38:24","slug":"aktualizace-udaju","status":"publish","type":"page","link":"https:\/\/www.logicall.cz\/platimvcas\/aktualizace-udaju\/","title":{"rendered":"Aktualizace \u00fadaj\u016f"},"content":{"rendered":"\t\t<div data-elementor-type=\"wp-post\" data-elementor-id=\"347\" class=\"elementor elementor-347 elementor-bc-flex-widget\">\n\t\t\t\t\t\t<section class=\"elementor-section elementor-top-section elementor-element elementor-element-a6e10e2 elementor-section-stretched elementor-section-boxed elementor-section-height-default elementor-section-height-default\" data-id=\"a6e10e2\" data-element_type=\"section\" data-e-type=\"section\" data-settings=\"{&quot;background_background&quot;:&quot;classic&quot;,&quot;stretch_section&quot;:&quot;section-stretched&quot;}\">\n\t\t\t\t\t\t<div class=\"elementor-container elementor-column-gap-default\">\n\t\t\t\t\t<div class=\"elementor-column elementor-col-33 elementor-top-column elementor-element elementor-element-66413d7\" data-id=\"66413d7\" data-element_type=\"column\" data-e-type=\"column\" data-settings=\"{&quot;background_background&quot;:&quot;classic&quot;}\">\n\t\t\t<div class=\"elementor-widget-wrap elementor-element-populated\">\n\t\t\t\t\t\t<div class=\"elementor-element elementor-element-95ced98 elementor-widget elementor-widget-wp-widget-text\" data-id=\"95ced98\" data-element_type=\"widget\" data-e-type=\"widget\" data-widget_type=\"wp-widget-text.default\">\n\t\t\t\t<div class=\"elementor-widget-container\">\n\t\t\t\t\t\t\t\t<div class=\"textwidget\">\n<div class=\"wpcf7 no-js\" id=\"wpcf7-f49-o1\" lang=\"cs-CZ\" dir=\"ltr\" data-wpcf7-id=\"49\">\n<div class=\"screen-reader-response\"><p role=\"status\" aria-live=\"polite\" aria-atomic=\"true\"><\/p> <ul><\/ul><\/div>\n<form action=\"\/platimvcas\/wp-json\/wp\/v2\/pages\/347#wpcf7-f49-o1\" method=\"post\" class=\"wpcf7-form init\" aria-label=\"Kontaktn\u00ed formul\u00e1\u0159\" novalidate=\"novalidate\" data-status=\"init\">\n<fieldset class=\"hidden-fields-container\"><input type=\"hidden\" name=\"_wpcf7\" value=\"49\" \/><input type=\"hidden\" name=\"_wpcf7_version\" value=\"6.1.5\" \/><input type=\"hidden\" name=\"_wpcf7_locale\" value=\"cs_CZ\" \/><input type=\"hidden\" name=\"_wpcf7_unit_tag\" value=\"wpcf7-f49-o1\" \/><input type=\"hidden\" name=\"_wpcf7_container_post\" value=\"0\" \/><input type=\"hidden\" name=\"_wpcf7_posted_data_hash\" value=\"\" \/><input type=\"hidden\" name=\"_wpcf7_recaptcha_response\" value=\"\" \/>\n<\/fieldset>\n<p><label> Jm\u00e9no: <span class=\"wpcf7-form-control-wrap\" data-name=\"jmeno\"><input size=\"40\" maxlength=\"400\" class=\"wpcf7-form-control wpcf7-text wpcf7-validates-as-required\" aria-required=\"true\" aria-invalid=\"false\" value=\"\" type=\"text\" name=\"jmeno\" \/><\/span> <\/label>\n<\/p>\n<p><label> P\u0159\u00edjmen\u00ed: <span class=\"wpcf7-form-control-wrap\" data-name=\"prijmeni\"><input size=\"40\" maxlength=\"400\" class=\"wpcf7-form-control wpcf7-text wpcf7-validates-as-required\" aria-required=\"true\" aria-invalid=\"false\" value=\"\" type=\"text\" name=\"prijmeni\" \/><\/span> <\/label>\n<\/p>\n<p><label> Telefon: <span class=\"wpcf7-form-control-wrap\" data-name=\"telefon\"><input size=\"40\" maxlength=\"400\" class=\"wpcf7-form-control wpcf7-tel wpcf7-validates-as-required wpcf7-text wpcf7-validates-as-tel\" aria-required=\"true\" aria-invalid=\"false\" value=\"\" type=\"tel\" name=\"telefon\" \/><\/span> <\/label>\n<\/p>\n<p><label> E-mail: <span class=\"wpcf7-form-control-wrap\" data-name=\"mail\"><input size=\"40\" maxlength=\"400\" class=\"wpcf7-form-control wpcf7-email wpcf7-validates-as-required wpcf7-text wpcf7-validates-as-email\" aria-required=\"true\" aria-invalid=\"false\" value=\"\" type=\"email\" name=\"mail\" \/><\/span> <\/label>\n<\/p>\n<p><label> Ulice \u010d.p.: <span class=\"wpcf7-form-control-wrap\" data-name=\"ulice\"><input size=\"40\" maxlength=\"400\" class=\"wpcf7-form-control wpcf7-text wpcf7-validates-as-required\" aria-required=\"true\" aria-invalid=\"false\" value=\"\" type=\"text\" name=\"ulice\" \/><\/span> <\/label>\n<\/p>\n<p><label> M\u011bsto: <span class=\"wpcf7-form-control-wrap\" data-name=\"mesto\"><input size=\"40\" maxlength=\"400\" class=\"wpcf7-form-control wpcf7-text wpcf7-validates-as-required\" aria-required=\"true\" aria-invalid=\"false\" value=\"\" type=\"text\" name=\"mesto\" \/><\/span> <\/label>\n<\/p>\n<p><label> PS\u010c: <span class=\"wpcf7-form-control-wrap\" data-name=\"psc\"><input size=\"40\" maxlength=\"400\" class=\"wpcf7-form-control wpcf7-text wpcf7-validates-as-required\" aria-required=\"true\" aria-invalid=\"false\" value=\"\" type=\"text\" name=\"psc\" \/><\/span> <\/label>\n<\/p>\n<p><label> \u010c\u00edslo spisu: <span class=\"wpcf7-form-control-wrap\" data-name=\"cislo_spisu\"><input size=\"40\" maxlength=\"400\" class=\"wpcf7-form-control wpcf7-text wpcf7-validates-as-required\" aria-required=\"true\" aria-invalid=\"false\" value=\"\" type=\"text\" name=\"cislo_spisu\" \/><\/span> <\/label>\n<\/p>\n<p><label> Heslo z upom\u00ednky: <span class=\"wpcf7-form-control-wrap\" data-name=\"heslo\"><input size=\"40\" maxlength=\"400\" class=\"wpcf7-form-control wpcf7-text wpcf7-validates-as-required\" aria-required=\"true\" aria-invalid=\"false\" value=\"\" type=\"text\" name=\"heslo\" \/><\/span> <\/label>\n<\/p>\n<p><label> Popis: <span class=\"wpcf7-form-control-wrap\" data-name=\"popis\"><textarea cols=\"40\" rows=\"10\" maxlength=\"2000\" class=\"wpcf7-form-control wpcf7-textarea\" aria-invalid=\"false\" name=\"popis\"><\/textarea><\/span> <\/label>\n<\/p>\n<p><label> <span class=\"wpcf7-form-control-wrap\" data-name=\"acceptance-465\"><span class=\"wpcf7-form-control wpcf7-acceptance\"><span class=\"wpcf7-list-item\"><label><input type=\"checkbox\" name=\"acceptance-465\" value=\"1\" aria-invalid=\"false\" \/><span class=\"wpcf7-list-item-label\">Souhlas\u00edm se zpracov\u00e1n\u00edm osobn\u00edch \u00fadaj\u016f.<\/span><\/label><\/span><\/span><\/span> <\/label>\n<\/p>\n<p><label> <input class=\"wpcf7-form-control wpcf7-submit has-spinner\" type=\"submit\" value=\"Odeslat\" \/> <\/label>\n<\/p><div class=\"wpcf7-response-output\" aria-hidden=\"true\"><\/div>\n<\/form>\n<\/div>\n\n<\/div>\n\t\t\t\t\t\t<\/div>\n\t\t\t\t<\/div>\n\t\t\t\t\t<\/div>\n\t\t<\/div>\n\t\t\t\t<div class=\"elementor-column elementor-col-33 elementor-top-column elementor-element elementor-element-01b72a7\" data-id=\"01b72a7\" data-element_type=\"column\" data-e-type=\"column\">\n\t\t\t<div class=\"elementor-widget-wrap\">\n\t\t\t\t\t\t\t<\/div>\n\t\t<\/div>\n\t\t\t\t<div class=\"elementor-column elementor-col-33 elementor-top-column elementor-element elementor-element-910b36b\" data-id=\"910b36b\" data-element_type=\"column\" data-e-type=\"column\">\n\t\t\t<div class=\"elementor-widget-wrap\">\n\t\t\t\t\t\t\t<\/div>\n\t\t<\/div>\n\t\t\t\t\t<\/div>\n\t\t<\/section>\n\t\t\t\t<\/div>\n\t\t","protected":false},"excerpt":{"rendered":"","protected":false},"author":1,"featured_media":0,"parent":0,"menu_order":0,"comment_status":"closed","ping_status":"open","template":"","meta":{"footnotes":""},"class_list":["post-347","page","type-page","status-publish","hentry"],"_links":{"self":[{"href":"https:\/\/www.logicall.cz\/platimvcas\/wp-json\/wp\/v2\/pages\/347","targetHints":{"allow":["GET"]}}],"collection":[{"href":"https:\/\/www.logicall.cz\/platimvcas\/wp-json\/wp\/v2\/pages"}],"about":[{"href":"https:\/\/www.logicall.cz\/platimvcas\/wp-json\/wp\/v2\/types\/page"}],"author":[{"embeddable":true,"href":"https:\/\/www.logicall.cz\/platimvcas\/wp-json\/wp\/v2\/users\/1"}],"replies":[{"embeddable":true,"href":"https:\/\/www.logicall.cz\/platimvcas\/wp-json\/wp\/v2\/comments?post=347"}],"version-history":[{"count":4,"href":"https:\/\/www.logicall.cz\/platimvcas\/wp-json\/wp\/v2\/pages\/347\/revisions"}],"predecessor-version":[{"id":351,"href":"https:\/\/www.logicall.cz\/platimvcas\/wp-json\/wp\/v2\/pages\/347\/revisions\/351"}],"wp:attachment":[{"href":"https:\/\/www.logicall.cz\/platimvcas\/wp-json\/wp\/v2\/media?parent=347"}],"curies":[{"name":"wp","href":"https:\/\/api.w.org\/{rel}","templated":true}]}}