{"id":265,"date":"2018-05-24T11:07:42","date_gmt":"2018-05-24T09:07:42","guid":{"rendered":"http:\/\/www.logicall.cz\/platimvcas\/sk\/?page_id=265"},"modified":"2020-06-26T08:16:07","modified_gmt":"2020-06-26T06:16:07","slug":"gdpr","status":"publish","type":"page","link":"https:\/\/www.logicall.cz\/platimvcas\/sk\/gdpr\/","title":{"rendered":"GDPR"},"content":{"rendered":"\t\t<div data-elementor-type=\"wp-post\" data-elementor-id=\"265\" class=\"elementor elementor-265\">\n\t\t\t\t\t\t<section class=\"elementor-section elementor-top-section elementor-element elementor-element-e7065b7 elementor-section-boxed elementor-section-height-default elementor-section-height-default\" data-id=\"e7065b7\" data-element_type=\"section\" data-e-type=\"section\">\n\t\t\t\t\t\t<div class=\"elementor-container elementor-column-gap-default\">\n\t\t\t\t\t<div class=\"elementor-column elementor-col-100 elementor-top-column elementor-element elementor-element-e2b5c52\" data-id=\"e2b5c52\" data-element_type=\"column\" data-e-type=\"column\">\n\t\t\t<div class=\"elementor-widget-wrap elementor-element-populated\">\n\t\t\t\t\t\t<div class=\"elementor-element elementor-element-1ca4c3c elementor-widget elementor-widget-text-editor\" data-id=\"1ca4c3c\" data-element_type=\"widget\" data-e-type=\"widget\" data-widget_type=\"text-editor.default\">\n\t\t\t\t<div class=\"elementor-widget-container\">\n\t\t\t\t\t\t\t\t\t<h1>Inform\u00e1cie ku spracovaniu osobn\u00fdch \u00fadajov<\/h1><p>LogiCall Slovensko, s.r.o. so s\u00eddlom Doln\u00e9 Rudiny 1, 010 01 \u017dilina, I\u010cO 44151721 db\u00e1 na ochranu osobn\u00fdch \u00fadajov, ktor\u00e9 n\u00e1m odovzd\u00e1vate. Je d\u00f4le\u017eit\u00e9, aby ste vedeli, \u017ee osobn\u00e9 \u00fadaje, ktor\u00e9 n\u00e1m poskytujete, spracov\u00e1vame zodpovedne, transparentne a\u00a0v\u00a0s\u00falade s\u00a0Nariaden\u00edm Eur\u00f3pskeho parlamentu a\u00a0Rady (EU) 2016\/679. M\u00e1te n\u00e1rok po\u017eiada\u0165 o\u00a0inform\u00e1ciu o\u00a0evidovan\u00fdch osobn\u00fdch \u00fadajoch, ich opravu \u010di vymazanie, pokia\u013e s\u00fa z\u00edskan\u00e9 na z\u00e1klade Vami udelen\u00e9ho s\u00fahlasu. V\u00a0pr\u00edpade, \u017ee doch\u00e1dza k\u00a0automatizovan\u00e9mu spracovaniu, m\u00e1te pr\u00e1vo na prenosite\u013enos\u0165 \u00fadajov a\u00a0neby\u0165 predmetom rozhodnutia zalo\u017een\u00e9ho v\u00fdhradne na tomto rozhodovan\u00ed. Ak sa vyskytn\u00fa ak\u00e9ko\u013evek dotazy a\u00a0\u017eiadosti t\u00fdkaj\u00face sa spracovania Va\u0161ich osobn\u00fdch \u00fadajov, m\u00f4\u017eete sa na n\u00e1s obr\u00e1ti\u0165 p\u00edsomne na adrese s\u00eddla na\u0161ej spolo\u010dnosti.<\/p><h1>Zabezpe\u010denie Va\u0161ich osobn\u00fdch \u00fadajov<\/h1><p>LogiCall Slovensko, s.r.o. db\u00e1 na bezpe\u010dnos\u0165 osobn\u00fdch \u00fadajov, ktor\u00e9 n\u00e1m odovzd\u00e1vate. M\u00e1me tak\u00e9 technick\u00e9 a\u00a0organiza\u010dn\u00e9 opatrenia, aby sme Va\u0161e \u00fadaje dostato\u010dne chr\u00e1nili s\u00a0oh\u013eadom na z\u00e1va\u017enos\u0165 ich spracovania. K\u00a0Va\u0161im osobn\u00fdm \u00fadajom, ktor\u00e9 sme od V\u00e1s z\u00edskali, nem\u00e1 pr\u00edstup \u017eiadna neopr\u00e1vnen\u00e1 osoba a\u00a0neodovzd\u00e1vame ich bez V\u00e1\u0161ho s\u00fahlasu tret\u00edm subjektom pre \u010fal\u0161ie spracovanie, pokia\u013e to nevy\u017eaduje z\u00e1kon alebo v\u00a0pr\u00edpade ochrany na\u0161ich pr\u00e1vnych z\u00e1ujmov.<\/p><h1>Pr\u00e1vo na inform\u00e1cie<\/h1><p>Va\u0161\u00edm pr\u00e1vom je po\u017eiada\u0165 LogiCall Slovensko, s.r.o. o\u00a0inform\u00e1ciu, ak\u00e9 osobn\u00e9 \u00fadaje, v\u00a0akom rozsahu a\u00a0pre ak\u00fd \u00fa\u010del o\u00a0V\u00e1s spracov\u00e1vame. Tieto inform\u00e1cie poskytneme zadarmo v\u00a0lehote najnesk\u00f4r 30 dn\u00ed, v\u00a0mimoriadnych situ\u00e1ci\u00e1ch potom najnesk\u00f4r v\u00a0lehote 90 dn\u00ed. O\u00a0pred\u013a\u017een\u00ed lehoty v\u00a0mimoriadnych pr\u00edpadoch V\u00e1s budeme v\u010das informova\u0165. Pokia\u013e budete po\u017eadova\u0165 ozn\u00e1menie inform\u00e1ci\u00ed, ktor\u00e9 o\u00a0V\u00e1s evidujeme, budeme najsk\u00f4r potrebova\u0165 overi\u0165, \u017ee ste skuto\u010dne osoba, ktorej patr\u00ed t\u00e1to inform\u00e1cia. Vo Va\u0161ej \u017eiados\u0165 teda uve\u010fte dostato\u010dn\u00fa identifik\u00e1ciu Va\u0161ej osoby. V\u00a0pr\u00edpade potreby m\u00e1me pr\u00e1vo si vy\u017eiada\u0165 dopl\u0148uj\u00face inform\u00e1cie k\u00a0Va\u0161ej identifik\u00e1cii, sk\u00f4r ako V\u00e1m poskytneme osobn\u00e9 \u00fadaje, ktor\u00e9 spracov\u00e1vame o\u00a0Va\u0161ej osobe.<\/p><p>Na\u0161\u00edm pr\u00e1vom je potom od\u00f4vodnene zamietnu\u0165 po\u017eiadavky na inform\u00e1cie, ktor\u00e9 s\u00fa bezd\u00f4vodn\u00e9, \u010di sa neprimerane opakuj\u00fa, pr\u00edpadne ich z\u00edskanie vy\u017eaduje neprimeran\u00e9 \u00fasilie alebo by boli \u0165a\u017eko z\u00edskate\u013en\u00e9 (typicky zo z\u00e1lo\u017en\u00fdch syst\u00e9mov, archiv\u00e1ci\u00ed a\u00a0pod.)<\/p><h1>Pr\u00e1vo na prenos \u00fadajov<\/h1><p>M\u00e1te pr\u00e1vo z\u00edska\u0165 osobn\u00e9 \u00fadaje, ktor\u00e9 o\u00a0V\u00e1s evidujeme, v\u00a0\u0161trukt\u00farovanom,\u00a0 be\u017ene pou\u017e\u00edvanom a\u00a0strojovo \u010ditate\u013enom form\u00e1te. Na z\u00e1klade Va\u0161ej \u017eiadosti m\u00f4\u017eu by\u0165 tieto \u00fadaje odovzdan\u00e9 in\u00e9mu spr\u00e1vcovi.<\/p><h1>Aktualiz\u00e1cia \u00fadajov, pr\u00e1vo na opravu<\/h1><p>Ke\u010f\u017ee sa m\u00f4\u017eu osobn\u00e9 \u00fadaje v\u00a0priebehu \u010dasu meni\u0165 (napr\u00edklad zmena priezviska), budeme radi, pokia\u013e n\u00e1s informujete, \u017ee u\u00a0V\u00e1s nastala nejak\u00e1 zmena, tak, aby sme Va\u0161e osobn\u00e9 \u00fadaje mali aktu\u00e1lne a\u00a0nedoch\u00e1dzalo k\u00a0pr\u00edpadn\u00fdm omylom. Podanie inform\u00e1cie o\u00a0zmene \u00fadajov je nevyhnutne nutn\u00e9 pre to, aby sme mohli riadne vykon\u00e1va\u0165 svoju \u010dinnos\u0165 Spr\u00e1vcu\/Spracovate\u013ea.<\/p><p>S\u00a0t\u00fdm s\u00favis\u00ed aj Va\u0161e pr\u00e1vo na opravu osobn\u00fdch \u00fadajov, ktor\u00e9 o\u00a0V\u00e1s evidujeme. Pokia\u013e zist\u00edte, \u017ee na\u0161e \u00fadaje u\u017e nie s\u00fa aktu\u00e1lne, m\u00e1te pr\u00e1vo po\u017eadova\u0165 ich opravu.<\/p><h1>N\u00e1mietky<\/h1><p>Pokia\u013e sa domnievate, \u017ee Va\u0161e osobn\u00e9 \u00fadaje nespracov\u00e1vame v\u00a0s\u00falade s\u00a0platnou legislat\u00edvou SR a\u00a0E\u00da, m\u00e1te pr\u00e1vo vznies\u0165 n\u00e1mietku a\u00a0my n\u00e1sledne prever\u00edme opr\u00e1vnenos\u0165 Va\u0161ej po\u017eiadavky na obmedzenie spracovania..<\/p><p>M\u00e1te pr\u00e1vo na obmedzenie spracovania Va\u0161ich osobn\u00fdch \u00fadajov, v\u00a0pr\u00edpade, \u017ee sa domnievate, \u017ee takto evidovan\u00e9 nie s\u00fa presn\u00e9, pr\u00edpade ich spracov\u00e1vame protipr\u00e1vne a\u00a0\u010falej pokia\u013e sa domnievate, \u017ee tieto \u00fadaje u\u017e nepotrebujeme pre \u00fa\u010dely ich spracovania. V\u00a0okamihu podania n\u00e1mietky, bude spracovanie Va\u0161ich osobn\u00fdch \u00fadajov obmedzen\u00e9, dok\u00fdm nebude overen\u00e9, \u010di je n\u00e1mietka opr\u00e1vnen\u00e1. Informujeme V\u00e1s, \u017ee Va\u0161\u00edm pr\u00e1vom je obr\u00e1ti\u0165 sa tie\u017e s\u00a0n\u00e1mietkou proti spracov\u00e1van\u00fdm osobn\u00fdm \u00fadajom, ktor\u00e9 o\u00a0V\u00e1s spracov\u00e1vame na \u00darad na ochranu osobn\u00fdch \u00fadajov na adrese:<\/p><p>Hrani\u010dn\u00e1 12<\/p><p>820 07 Bratislava 27<\/p><p>Slovensk\u00e1 republika<\/p><h1>Kam sa m\u00f4\u017eete obr\u00e1ti\u0165<\/h1><p>So svojimi dotazmi na ochranu osobn\u00fdch \u00fadajov sa m\u00f4\u017eete tie\u017e obr\u00e1ti\u0165 na e-mail logicall@logicall.sk alebo na s\u00eddlo na\u0161ej spolo\u010dnosti:<\/p><p>LogiCall Slovensko, s.r.o.<br \/>Doln\u00e9 Rudiny 1<br \/>010 01 \u017dilina<\/p><p>V\u00edt\u011bzslav Stanovsk\u00fd<br \/>email: <a style=\"background-color: #ffffff;\" href=\"mailto:gdpr@krnovsko.cz\">gdpr@krnovsko.cz<\/a><br \/>tel.: +420 603 499 869\u00a0<\/p><p>\u00a0<\/p><p><span style=\"color: #404b56; font-family: Montserrat; font-size: 36px;\">Pr\u00e1vo na vymazanie<\/span><\/p><p>Pokia\u013e ste n\u00e1m niekedy udelili s\u00fahlas so spracovan\u00edm osobn\u00fdch \u00fadajov (napr\u00edklad e-mailov\u00e1 adresa v\u00a0r\u00e1mci zasielan\u00e9ho newsletteru), m\u00e1te pr\u00e1vo ho kedyko\u013evek odvola\u0165 a\u00a0my \u00fadaje, ktor\u00e9 spracov\u00e1vame v\u00fdhradne na z\u00e1klade V\u00e1\u0161ho s\u00fahlasu, mus\u00edme vymaza\u0165. Pr\u00e1vo na vymazanie sa nevz\u0165ahuje na spracov\u00e1van\u00e9 \u00fadaje v\u00a0r\u00e1mci povinnosti plnenia zmluvy, z\u00e1konn\u00fdch d\u00f4vodov \u010di neopr\u00e1vnen\u00fdch z\u00e1ujmov. Pokia\u013e s\u00fa niektor\u00e9 Va\u0161e \u00fadaje uchov\u00e1van\u00e9 v\u00a0z\u00e1lo\u017en\u00fdch syst\u00e9moch, ktor\u00e9 automatizovane zais\u0165uj\u00fa odolnos\u0165 v\u0161etk\u00fdch na\u0161ich syst\u00e9mov a\u00a0plnia funkciu obrany straty \u00fadajov pre pr\u00edpad hav\u00e1ri\u00ed, nie je v\u00a0na\u0161ich sil\u00e1ch vymaza\u0165 tieto \u00fadaje aj zo z\u00e1lo\u017en\u00fdch syst\u00e9mov a\u00a0nie v\u017edy je to technicky uskuto\u010dnite\u013en\u00e9. Av\u0161ak tieto \u00fadaje nie s\u00fa \u010falej inak akt\u00edvne spracov\u00e1van\u00e9 a\u00a0nebud\u00fa sl\u00fa\u017ei\u0165 k\u00a0\u010fal\u0161\u00edm \u00fa\u010delom spracovania.<\/p><h1>Webov\u00e9 str\u00e1nky \u2013 s\u00fabory protokolov<\/h1><p>Ak vst\u00fapite na na\u0161e webov\u00e9 str\u00e1nky a\u00a0prehliadate si ich, spracov\u00e1vame nasleduj\u00face protokolov\u00e9 s\u00fabory a\u00a0uklad\u00e1me ich na na\u0161ich serveroch. Medzi inform\u00e1cie, ktor\u00e9 uklad\u00e1me patria:<\/p><ul><li>Va\u0161a IP Adresa<\/li><li>Otv\u00e1ran\u00e1 str\u00e1nka n\u00e1\u0161ho webu<\/li><li>K\u00f3d odpovede http<\/li><li>Identifik\u00e1cia V\u00e1\u0161ho prehliada\u010da<\/li><\/ul><p>Tieto inform\u00e1cie spracov\u00e1vame po dobu maxim\u00e1lne jedn\u00e9ho roka a\u00a0len pre \u00fa\u010dely na\u0161ej pr\u00e1vnej ochrany.<\/p><h1><span style=\"color: #404b56; font-family: Montserrat; font-size: 30px;\">S\u00fabory cookie<\/span><\/h1><p>Ak nav\u0161t\u00edvite na\u0161e webov\u00e9 str\u00e1nky, ste informovan\u00ed, \u017ee vyu\u017e\u00edvame technol\u00f3gie ku zhroma\u017e\u010fovaniu a\u00a0ukladaniu inform\u00e1ci\u00ed pomocou s\u00faborov cookie do V\u00e1\u0161ho zariadenia. S\u00fabory cookie s\u00fa mal\u00e9 textov\u00e9 s\u00fabory, ktor\u00e9 nikam neodosielame, tieto s\u00fabory m\u00f4\u017eete z\u00a0prehliada\u010da odstr\u00e1ni\u0165 alebo ich vyu\u017eitie \u00faplne zak\u00e1za\u0165. S\u00fabory cookie nezhroma\u017e\u010fuj\u00fa \u017eiadne Va\u0161ej osobn\u00e9 \u00fadaje, bez t\u00fdchto s\u00faborov v\u0161ak nedok\u00e1\u017eeme zaisti\u0165 plnohodnotn\u00fa funk\u010dnos\u0165 webov\u00fdch str\u00e1nok.<\/p><h1>Anal\u00fdza a\u00a0\u0161tatistiky<\/h1><p>Webov\u00e9 str\u00e1nky monitorujeme a\u00a0analyzujeme pomocou analytick\u00fdch slu\u017eieb. \u017diadne z\u00a0\u00fadajov, ktor\u00e9 pomocou tejto slu\u017eby analyzujeme nie s\u00fa Va\u0161imi osobn\u00fdmi \u00fadajmi. Pomocou tejto slu\u017eby zis\u0165ujeme n\u00e1v\u0161tevnos\u0165 a\u00a0geografick\u00e9 \u00fadaje, inform\u00e1cie o\u00a0prehliada\u010di a\u00a0opera\u010dnom syst\u00e9me, z\u00a0ktor\u00e9ho na na\u0161e webov\u00e9 str\u00e1nky vstupujete. V\u0161etky tieto inform\u00e1cie vyu\u017e\u00edvame pre marketingov\u00e9 \u00fa\u010dely, pre \u00fa\u010dely \u010fal\u0161ieho zlep\u0161ovania webov\u00fdch str\u00e1nok a\u00a0obsahu a\u00a0tie\u017e pre \u00fa\u010dely pr\u00e1vnej ochrany.<\/p>\t\t\t\t\t\t\t\t<\/div>\n\t\t\t\t<\/div>\n\t\t\t\t\t<\/div>\n\t\t<\/div>\n\t\t\t\t\t<\/div>\n\t\t<\/section>\n\t\t\t\t<\/div>\n\t\t","protected":false},"excerpt":{"rendered":"<p>Inform\u00e1cie ku spracovaniu osobn\u00fdch \u00fadajov LogiCall Slovensko, s.r.o. so s\u00eddlom Doln\u00e9 Rudiny 1, 010 01 \u017dilina, I\u010cO 44151721 db\u00e1 na ochranu osobn\u00fdch \u00fadajov, ktor\u00e9 n\u00e1m odovzd\u00e1vate. Je d\u00f4le\u017eit\u00e9, aby ste vedeli, \u017ee osobn\u00e9 \u00fadaje, ktor\u00e9 n\u00e1m poskytujete, spracov\u00e1vame zodpovedne, transparentne a\u00a0v\u00a0s\u00falade s\u00a0Nariaden\u00edm Eur\u00f3pskeho parlamentu a\u00a0Rady (EU) 2016\/679. M\u00e1te n\u00e1rok po\u017eiada\u0165 o\u00a0inform\u00e1ciu o\u00a0evidovan\u00fdch osobn\u00fdch \u00fadajoch, ich [&hellip;]<\/p>\n","protected":false},"author":1,"featured_media":0,"parent":0,"menu_order":0,"comment_status":"closed","ping_status":"closed","template":"","meta":{"footnotes":""},"class_list":["post-265","page","type-page","status-publish","hentry"],"_links":{"self":[{"href":"https:\/\/www.logicall.cz\/platimvcas\/sk\/wp-json\/wp\/v2\/pages\/265","targetHints":{"allow":["GET"]}}],"collection":[{"href":"https:\/\/www.logicall.cz\/platimvcas\/sk\/wp-json\/wp\/v2\/pages"}],"about":[{"href":"https:\/\/www.logicall.cz\/platimvcas\/sk\/wp-json\/wp\/v2\/types\/page"}],"author":[{"embeddable":true,"href":"https:\/\/www.logicall.cz\/platimvcas\/sk\/wp-json\/wp\/v2\/users\/1"}],"replies":[{"embeddable":true,"href":"https:\/\/www.logicall.cz\/platimvcas\/sk\/wp-json\/wp\/v2\/comments?post=265"}],"version-history":[{"count":15,"href":"https:\/\/www.logicall.cz\/platimvcas\/sk\/wp-json\/wp\/v2\/pages\/265\/revisions"}],"predecessor-version":[{"id":403,"href":"https:\/\/www.logicall.cz\/platimvcas\/sk\/wp-json\/wp\/v2\/pages\/265\/revisions\/403"}],"wp:attachment":[{"href":"https:\/\/www.logicall.cz\/platimvcas\/sk\/wp-json\/wp\/v2\/media?parent=265"}],"curies":[{"name":"wp","href":"https:\/\/api.w.org\/{rel}","templated":true}]}}